{"id":45,"date":"2015-11-02T18:40:28","date_gmt":"2015-11-02T16:40:28","guid":{"rendered":"http:\/\/waterchain.samk.fi\/?page_id=45"},"modified":"2017-10-17T15:48:57","modified_gmt":"2017-10-17T12:48:57","slug":"partners","status":"publish","type":"page","link":"https:\/\/waterchain.samk.fi\/en\/partners\/","title":{"rendered":"Partners"},"content":{"rendered":"<p>&nbsp;<\/p>\n<p>FINLAND<\/p>\n<ul>\n<li><a href=\"http:\/\/www.samk.fi\/\">Satakunta University of Applied Sciences<\/a> (Lead partner)<\/li>\n<li><span class=\"Apple-style-span\"><a href=\"http:\/\/www.pyhajarvi-instituutti.fi\/blogi\/index.php\/2016\/03\/03\/waterchain-projektissa-vahennetaan-itamereen-kohdistuvaa-haitallista-kuormitusta\/\">Pyh\u00e4j\u00e4rvi Institute<\/a>, Kauttua, Finland<br \/>\n<\/span><\/li>\n<li><span class=\"Apple-style-span\"><a href=\"https:\/\/www.tuas.fi\/en\/research-and-development\/projects\/waterchain-pilot-watersheds-practical-tool-reduce-\/\">Turku University of Applied Sciences<\/a>, Turku, Finland<br \/>\n<\/span><\/li>\n<\/ul>\n<p>&nbsp;<\/p>\n<p>\u00c5LAND \/ FINLAND<\/p>\n<ul>\n<li><span class=\"Apple-style-span\"><a href=\"http:\/\/www.vatten.ax\/projekt\/central-baltic-waterchain\">\u00c5land Waterwork Ltd<\/a>., Jomala, \u00c5land<\/span><\/li>\n<\/ul>\n<p>&nbsp;<\/p>\n<p>SWEDEN<\/p>\n<ul>\n<li><span class=\"Apple-style-span\"><a href=\"https:\/\/www.kth.se\/en\/bio\/research\/indbio\/waterchain-1.654374\">KTH Royal Institute of Technology<\/a>, Stockholm, Sweden<br \/>\n<\/span><\/li>\n<\/ul>\n<p>&nbsp;<\/p>\n<p>ESTONIA<\/p>\n<ul>\n<li><span class=\"Apple-style-span\"><a href=\"https:\/\/www.ttu.ee\/the-waterchain-project-aims-to-reduce-nutrients-and-hazardous-substances-in-the-baltic-sea\">Tallinn University of Technology<\/a>, Tallinn, Estonia<br \/>\n<\/span><\/li>\n<li><span class=\"Apple-style-span\"><a href=\"http:\/\/www.klab.ee\/projektid\/waterchain\/\">Estonian Environmental Research Centre<\/a>, Tallinn, Estonia<br \/>\n<\/span><\/li>\n<\/ul>\n<p>&nbsp;<\/p>\n<p>LATVIA<\/p>\n<ul>\n<li><span class=\"Apple-style-span\">Riga Technical University, Riga, Latvia<br \/>\n<\/span><\/li>\n<li><span class=\"Apple-style-span\"><a href=\"http:\/\/www.videsinstituts.lv\/en\/about-ies\/news\/international-researchers-come-together-to-reduce-the-baltic-sea-pollution.html\">Institute for Environmental Solutions<\/a>, Prieku\u013cu county, Latvia<br \/>\n<\/span><\/li>\n<\/ul>\n<p>&nbsp;<\/p>\n<p>&nbsp;<\/p>\n<p><a href=\"https:\/\/waterchain.samk.fi\/wp-content\/uploads\/2017\/03\/Waterchain-partners.png\"><img loading=\"lazy\" decoding=\"async\" class=\"aligncenter wp-image-558 size-large\" src=\"https:\/\/waterchain.samk.fi\/wp-content\/uploads\/2017\/03\/Waterchain-partners-1024x721.png\" alt=\"\" width=\"700\" height=\"493\" srcset=\"https:\/\/waterchain.samk.fi\/wp-content\/uploads\/2017\/03\/Waterchain-partners-1024x721.png 1024w, https:\/\/waterchain.samk.fi\/wp-content\/uploads\/2017\/03\/Waterchain-partners-300x211.png 300w, https:\/\/waterchain.samk.fi\/wp-content\/uploads\/2017\/03\/Waterchain-partners-768x541.png 768w\" sizes=\"auto, (max-width: 700px) 100vw, 700px\" \/><\/a><\/p>\n<p>&nbsp;<\/p>\n","protected":false},"excerpt":{"rendered":"<p>&nbsp; FINLAND Satakunta University of Applied Sciences (Lead partner) Pyh\u00e4j\u00e4rvi Institute, Kauttua, Finland Turku University of Applied Sciences, Turku, Finland &nbsp; \u00c5LAND \/ FINLAND \u00c5land Waterwork Ltd., Jomala, \u00c5land &nbsp; SWEDEN KTH Royal Institute of Technology, Stockholm, Sweden &nbsp; ESTONIA&hellip; <\/p>\n","protected":false},"author":2,"featured_media":0,"parent":0,"menu_order":1,"comment_status":"closed","ping_status":"closed","template":"","meta":{"footnotes":""},"class_list":["post-45","page","type-page","status-publish","hentry"],"_links":{"self":[{"href":"https:\/\/waterchain.samk.fi\/en\/wp-json\/wp\/v2\/pages\/45","targetHints":{"allow":["GET"]}}],"collection":[{"href":"https:\/\/waterchain.samk.fi\/en\/wp-json\/wp\/v2\/pages"}],"about":[{"href":"https:\/\/waterchain.samk.fi\/en\/wp-json\/wp\/v2\/types\/page"}],"author":[{"embeddable":true,"href":"https:\/\/waterchain.samk.fi\/en\/wp-json\/wp\/v2\/users\/2"}],"replies":[{"embeddable":true,"href":"https:\/\/waterchain.samk.fi\/en\/wp-json\/wp\/v2\/comments?post=45"}],"version-history":[{"count":12,"href":"https:\/\/waterchain.samk.fi\/en\/wp-json\/wp\/v2\/pages\/45\/revisions"}],"predecessor-version":[{"id":736,"href":"https:\/\/waterchain.samk.fi\/en\/wp-json\/wp\/v2\/pages\/45\/revisions\/736"}],"wp:attachment":[{"href":"https:\/\/waterchain.samk.fi\/en\/wp-json\/wp\/v2\/media?parent=45"}],"curies":[{"name":"wp","href":"https:\/\/api.w.org\/{rel}","templated":true}]}}