{"id":350,"date":"2017-03-13T14:33:57","date_gmt":"2017-03-13T12:33:57","guid":{"rendered":"http:\/\/waterchain.samk.fi\/?page_id=350\/"},"modified":"2017-10-17T16:04:03","modified_gmt":"2017-10-17T13:04:03","slug":"minu-lubadus-laanemerele","status":"publish","type":"page","link":"https:\/\/waterchain.samk.fi\/et\/","title":{"rendered":"Waterchain projektist"},"content":{"rendered":"<h6><\/h6>\n<h6>EESM\u00c4RK<\/h6>\n<p>Projekt WATERCHAIN aitab v\u00e4hendada toitainete ja ohtlike ainete sissevoolu L\u00e4\u00e4nemerre k\u00f5iksugu maalt l\u00e4htuvatest allikatest l\u00e4bi pilootvesikondade ja keskkonna tehnoloogiate. Projekt k\u00e4sitleb nii k\u00f5rgelt arenenud suure asustustihedusega linnu, v\u00e4hem arenenud \u00e4\u00e4remaid, hajaasustatud maapiirkondi kui ka saarestikke.<\/p>\n<p>&nbsp;<\/p>\n<h6>TEGEVUSED<\/h6>\n<p>Peamised tegevused viiakse l\u00e4bi iga partnerriigi pilootalal ning nende v\u00e4ljundiks on praktilised rakendused, millel on p\u00fcsiv m\u00f5ju. \u00dchiste ressursside s\u00e4\u00e4stev kasutamine baseerub nii toitainete ja ohtlike ainete sissevoolu t\u00f5kestamisel kui juba veekogudes olevate ainete v\u00e4hendamisel. Projekti k\u00e4igus identifitseeritakse iga pilootala veemajanduskavades \u00e4ra toodud \u00fcks kuni kaks toitainete v\u00f5i ohtlike ainete allikat ning algatatakse tegevused nende ainete v\u00e4hendamiseks.<\/p>\n<p>&nbsp;<\/p>\n<h6>TULEMUSED<\/h6>\n<p>Projekti tulemusena lastakse k\u00e4iku s\u00e4\u00e4stvast arengust l\u00e4htuvad parimad praktikad algselt k\u00f5igis Kesk-L\u00e4\u00e4nemere geograafilistes piirkondades ning hiljem k\u00f5igis L\u00e4\u00e4nemerd \u00fcmbritsevates riikides. Toitainete ja ohtlike ainete sissevoolu L\u00e4\u00e4nemerre pilootalade valitud allikatest v\u00e4hendatakse aastaks 2023. Seega on projekti tulemustel otsene m\u00f5ju kohalike inimeste ja piirkonna k\u00fclastajate elukvaliteedile, eriti pilootaladel.<\/p>\n<p>&nbsp;<\/p>\n<p>&nbsp;<\/p>\n<h6 style=\"text-align: center;\">Finantseerimine<\/h6>\n<p style=\"text-align: center;\">Interreg Central Baltic, EU<\/p>\n<p>&nbsp;<\/p>\n<h6><\/h6>\n<h6 style=\"text-align: center;\">Projekti kestvus<\/h6>\n<p style=\"text-align: center;\">10\/2015\u20139\/2018<\/p>\n<p>&nbsp;<\/p>\n<h6><a href=\"https:\/\/waterchain.samk.fi\/wp-content\/uploads\/2017\/03\/Financing.png\"><img loading=\"lazy\" decoding=\"async\" class=\"size-medium wp-image-561 aligncenter\" src=\"https:\/\/waterchain.samk.fi\/wp-content\/uploads\/2017\/03\/Financing-300x52.png\" alt=\"\" width=\"300\" height=\"52\" srcset=\"https:\/\/waterchain.samk.fi\/wp-content\/uploads\/2017\/03\/Financing-300x52.png 300w, https:\/\/waterchain.samk.fi\/wp-content\/uploads\/2017\/03\/Financing-768x133.png 768w, https:\/\/waterchain.samk.fi\/wp-content\/uploads\/2017\/03\/Financing-1024x177.png 1024w, https:\/\/waterchain.samk.fi\/wp-content\/uploads\/2017\/03\/Financing.png 1146w\" sizes=\"auto, (max-width: 300px) 100vw, 300px\" \/><\/a><\/h6>\n","protected":false},"excerpt":{"rendered":"<p>EESM\u00c4RK Projekt WATERCHAIN aitab v\u00e4hendada toitainete ja ohtlike ainete sissevoolu L\u00e4\u00e4nemerre k\u00f5iksugu maalt l\u00e4htuvatest allikatest l\u00e4bi pilootvesikondade ja keskkonna tehnoloogiate. Projekt k\u00e4sitleb nii k\u00f5rgelt arenenud suure asustustihedusega linnu, v\u00e4hem arenenud \u00e4\u00e4remaid, hajaasustatud maapiirkondi kui ka saarestikke. &nbsp; TEGEVUSED Peamised tegevused&hellip; <\/p>\n","protected":false},"author":2,"featured_media":0,"parent":0,"menu_order":0,"comment_status":"closed","ping_status":"closed","template":"","meta":{"footnotes":""},"class_list":["post-350","page","type-page","status-publish","hentry"],"_links":{"self":[{"href":"https:\/\/waterchain.samk.fi\/et\/wp-json\/wp\/v2\/pages\/350","targetHints":{"allow":["GET"]}}],"collection":[{"href":"https:\/\/waterchain.samk.fi\/et\/wp-json\/wp\/v2\/pages"}],"about":[{"href":"https:\/\/waterchain.samk.fi\/et\/wp-json\/wp\/v2\/types\/page"}],"author":[{"embeddable":true,"href":"https:\/\/waterchain.samk.fi\/et\/wp-json\/wp\/v2\/users\/2"}],"replies":[{"embeddable":true,"href":"https:\/\/waterchain.samk.fi\/et\/wp-json\/wp\/v2\/comments?post=350"}],"version-history":[{"count":13,"href":"https:\/\/waterchain.samk.fi\/et\/wp-json\/wp\/v2\/pages\/350\/revisions"}],"predecessor-version":[{"id":750,"href":"https:\/\/waterchain.samk.fi\/et\/wp-json\/wp\/v2\/pages\/350\/revisions\/750"}],"wp:attachment":[{"href":"https:\/\/waterchain.samk.fi\/et\/wp-json\/wp\/v2\/media?parent=350"}],"curies":[{"name":"wp","href":"https:\/\/api.w.org\/{rel}","templated":true}]}}