{"id":101,"date":"2016-03-21T13:27:10","date_gmt":"2016-03-21T11:27:10","guid":{"rendered":"http:\/\/waterchain.samk.fi\/?page_id=101&#038;lang=fi"},"modified":"2017-10-17T16:09:22","modified_gmt":"2017-10-17T13:09:22","slug":"yhteystiedot","status":"publish","type":"page","link":"https:\/\/waterchain.samk.fi\/fi\/yhteystiedot\/","title":{"rendered":"Yhteystiedot"},"content":{"rendered":"<p><strong>Merja Ahonen<br \/>\n<\/strong>WATERCHAIN-projektin koordinaattori<br \/>\nSatakunnan ammattikorkeakoulu \/ Vesi-Instituutti WANDER<br \/>\nPuh. 044 710 3061<br \/>\nmerja.ahonen(a)samk.fi<\/p>\n<p>&nbsp;<\/p>\n<p><strong>Anne-Mari Ventel\u00e4<\/strong><br \/>\nvesist\u00f6toimialan p\u00e4\u00e4llikk\u00f6<br \/>\nPyh\u00e4j\u00e4rvi-instituutti<br \/>\nPuh. 050-3702919<br \/>\nanne-mari.ventela(a)pji.fi<\/p>\n<p>&nbsp;<\/p>\n<p><strong>Antti Kaseva<\/strong><br \/>\nprojektip\u00e4\u00e4llikk\u00f6<br \/>\nTurun ammattikorkeakoulu \/ Vesitekniikan tutkimusryhm\u00e4<br \/>\nPuh. 040 355 0909<br \/>\nantti.kaseva(a)turkuamk.fi<\/p>\n<p>&nbsp;<\/p>\n<p><a href=\"https:\/\/www.facebook.com\/centralbalticwaterchain\/\">Facebook<\/a><\/p>\n<p><a href=\"https:\/\/twitter.com\/WATERCHAIN\">Twitter<\/a><\/p>\n","protected":false},"excerpt":{"rendered":"<p>Merja Ahonen WATERCHAIN-projektin koordinaattori Satakunnan ammattikorkeakoulu \/ Vesi-Instituutti WANDER Puh. 044 710 3061 merja.ahonen(a)samk.fi &nbsp; Anne-Mari Ventel\u00e4 vesist\u00f6toimialan p\u00e4\u00e4llikk\u00f6 Pyh\u00e4j\u00e4rvi-instituutti Puh. 050-3702919 anne-mari.ventela(a)pji.fi &nbsp; Antti Kaseva projektip\u00e4\u00e4llikk\u00f6 Turun ammattikorkeakoulu \/ Vesitekniikan tutkimusryhm\u00e4 Puh. 040 355 0909 antti.kaseva(a)turkuamk.fi &nbsp; Facebook Twitter<\/p>\n","protected":false},"author":5,"featured_media":0,"parent":0,"menu_order":9,"comment_status":"closed","ping_status":"closed","template":"","meta":{"footnotes":""},"class_list":["post-101","page","type-page","status-publish","hentry"],"_links":{"self":[{"href":"https:\/\/waterchain.samk.fi\/fi\/wp-json\/wp\/v2\/pages\/101","targetHints":{"allow":["GET"]}}],"collection":[{"href":"https:\/\/waterchain.samk.fi\/fi\/wp-json\/wp\/v2\/pages"}],"about":[{"href":"https:\/\/waterchain.samk.fi\/fi\/wp-json\/wp\/v2\/types\/page"}],"author":[{"embeddable":true,"href":"https:\/\/waterchain.samk.fi\/fi\/wp-json\/wp\/v2\/users\/5"}],"replies":[{"embeddable":true,"href":"https:\/\/waterchain.samk.fi\/fi\/wp-json\/wp\/v2\/comments?post=101"}],"version-history":[{"count":6,"href":"https:\/\/waterchain.samk.fi\/fi\/wp-json\/wp\/v2\/pages\/101\/revisions"}],"predecessor-version":[{"id":752,"href":"https:\/\/waterchain.samk.fi\/fi\/wp-json\/wp\/v2\/pages\/101\/revisions\/752"}],"wp:attachment":[{"href":"https:\/\/waterchain.samk.fi\/fi\/wp-json\/wp\/v2\/media?parent=101"}],"curies":[{"name":"wp","href":"https:\/\/api.w.org\/{rel}","templated":true}]}}