{"id":150,"date":"2016-03-21T13:47:58","date_gmt":"2016-03-21T11:47:58","guid":{"rendered":"http:\/\/waterchain.samk.fi\/?page_id=150&#038;lang=fi"},"modified":"2017-10-17T15:17:56","modified_gmt":"2017-10-17T12:17:56","slug":"linkit","status":"publish","type":"page","link":"https:\/\/waterchain.samk.fi\/fi\/linkit\/","title":{"rendered":"Linkit"},"content":{"rendered":"<h6>Englanninkieliset uutiskirjeet<\/h6>\n<p><a href=\"http:\/\/www.emaileri.fi\/g\/l\/195121\/5585933\/1278343\/1209\/390\/3\" target=\"_blank\" rel=\"noopener\">Baltic Sea Savers News<\/a>\u00a0(12\/2016)<\/p>\n<p>&nbsp;<\/p>\n<h6>Suomenkieliset uutiskirjeet<\/h6>\n<p><a href=\"http:\/\/uutiskirje.samk.fi\/a\/s\/1834395-298e31b8e291cf5715e44ac7df977bd5\/15522\">Vesiverkko 1\/2017<\/a><\/p>\n<p><a href=\"http:\/\/uutiskirje.samk.fi\/a\/s\/1834395-ec3524947c33d195a7972266d07e5b14\/31688\">Vesiverkko 2\/2017<\/a><\/p>\n<p>&nbsp;<\/p>\n<h6>Oppimateriaalit<\/h6>\n<p><strong>Video: Building a Pilot Phosphorus Filter<\/strong><\/p>\n<p><em>(Sarja C, Oppimateriaalit\u00a0\u00a0ISSN 2341-9970)<\/em><\/p>\n<p>Pelloilta sade- ja sulamisvesien mukana vesist\u00f6ihin valuva fosfori on yksi It\u00e4merta rehev\u00f6itt\u00e4vist\u00e4 tekij\u00f6ist\u00e4. Videolla kuvataan suodattimen rakentamisen keskeiset vaiheet sek\u00e4 toimintaperiaate.<\/p>\n<p>&nbsp;<\/p>\n<p><iframe loading=\"lazy\" src=\"https:\/\/www.youtube.com\/embed\/8Wq0DH_aHI4\" width=\"560\" height=\"315\" frameborder=\"0\" allowfullscreen=\"allowfullscreen\" data-mce-fragment=\"1\"><\/iframe><\/p>\n","protected":false},"excerpt":{"rendered":"<p>Englanninkieliset uutiskirjeet Baltic Sea Savers News\u00a0(12\/2016) &nbsp; Suomenkieliset uutiskirjeet Vesiverkko 1\/2017 Vesiverkko 2\/2017 &nbsp; Oppimateriaalit Video: Building a Pilot Phosphorus Filter (Sarja C, Oppimateriaalit\u00a0\u00a0ISSN 2341-9970) Pelloilta sade- ja sulamisvesien mukana vesist\u00f6ihin valuva fosfori on yksi It\u00e4merta rehev\u00f6itt\u00e4vist\u00e4 tekij\u00f6ist\u00e4. Videolla kuvataan&hellip; <\/p>\n","protected":false},"author":5,"featured_media":0,"parent":0,"menu_order":7,"comment_status":"closed","ping_status":"closed","template":"","meta":{"footnotes":""},"class_list":["post-150","page","type-page","status-publish","hentry"],"_links":{"self":[{"href":"https:\/\/waterchain.samk.fi\/fi\/wp-json\/wp\/v2\/pages\/150","targetHints":{"allow":["GET"]}}],"collection":[{"href":"https:\/\/waterchain.samk.fi\/fi\/wp-json\/wp\/v2\/pages"}],"about":[{"href":"https:\/\/waterchain.samk.fi\/fi\/wp-json\/wp\/v2\/types\/page"}],"author":[{"embeddable":true,"href":"https:\/\/waterchain.samk.fi\/fi\/wp-json\/wp\/v2\/users\/5"}],"replies":[{"embeddable":true,"href":"https:\/\/waterchain.samk.fi\/fi\/wp-json\/wp\/v2\/comments?post=150"}],"version-history":[{"count":5,"href":"https:\/\/waterchain.samk.fi\/fi\/wp-json\/wp\/v2\/pages\/150\/revisions"}],"predecessor-version":[{"id":711,"href":"https:\/\/waterchain.samk.fi\/fi\/wp-json\/wp\/v2\/pages\/150\/revisions\/711"}],"wp:attachment":[{"href":"https:\/\/waterchain.samk.fi\/fi\/wp-json\/wp\/v2\/media?parent=150"}],"curies":[{"name":"wp","href":"https:\/\/api.w.org\/{rel}","templated":true}]}}