{"id":698,"date":"2017-10-17T12:03:18","date_gmt":"2017-10-17T09:03:18","guid":{"rendered":"http:\/\/waterchain.samk.fi\/?page_id=698"},"modified":"2017-10-17T12:03:18","modified_gmt":"2017-10-17T09:03:18","slug":"lupaus-itamerelle-2","status":"publish","type":"page","link":"https:\/\/waterchain.samk.fi\/fi\/lupaus-itamerelle-2\/","title":{"rendered":"Lupaus It\u00e4merelle"},"content":{"rendered":"<p>Paras tapa auttaa It\u00e4merta on ehk\u00e4ist\u00e4 ravinteiden ja haitallisten aineiden p\u00e4\u00e4sy vesist\u00f6ihin.<\/p>\n<p>&nbsp;<\/p>\n<h5>Pienell\u00e4kin teolla on merkityst\u00e4!<\/h5>\n<p>Rock the Baltic Sea on sosiaalisen median kampanja, jonka tarkoitus on jakaa tietoa It\u00e4meren nykyisest\u00e4 tilasta ja helpoista keinoista auttaa It\u00e4merta.<\/p>\n<p>Haluaisimme kuulla, mik\u00e4 on sinun lupauksesi It\u00e4merelle. Siksi haastamme sinut levitt\u00e4m\u00e4\u00e4n sanaa, jakamalla sosiaalisessa mediassa oman lupauksesi It\u00e4merelle. Muista k\u00e4ytt\u00e4\u00e4 hashtagia\u00a0 \u00a0#rockthebalticsea tai #balticseapromise.<\/p>\n<p>&nbsp;<\/p>\n<h5>Rokataan yhdess\u00e4 It\u00e4meren puolesta!<\/h5>\n<p>Lis\u00e4tietoa kampanjasta:\u00a0<a href=\"http:\/\/www.rockthebalticsea.com\/\">www.rockthebalticsea.com<\/a><\/p>\n<p>&nbsp;<\/p>\n<p><a href=\"http:\/\/www.rockthebalticsea.com\"><img loading=\"lazy\" decoding=\"async\" class=\"wp-image-477 size-large aligncenter\" src=\"https:\/\/waterchain.samk.fi\/wp-content\/uploads\/2017\/10\/www.rockthebalticsea-1-1024x171.png\" alt=\"\" width=\"700\" height=\"117\" srcset=\"https:\/\/waterchain.samk.fi\/wp-content\/uploads\/2017\/10\/www.rockthebalticsea-1-1024x171.png 1024w, https:\/\/waterchain.samk.fi\/wp-content\/uploads\/2017\/10\/www.rockthebalticsea-1-300x50.png 300w, https:\/\/waterchain.samk.fi\/wp-content\/uploads\/2017\/10\/www.rockthebalticsea-1-768x128.png 768w\" sizes=\"auto, (max-width: 700px) 100vw, 700px\" \/><\/a><\/p>\n<p>&nbsp;<\/p>\n<p><a href=\"https:\/\/waterchain.samk.fi\/wp-content\/uploads\/2017\/10\/19025002_533893717000216_2766656892528556061_o-1.jpg\"><img loading=\"lazy\" decoding=\"async\" class=\"aligncenter wp-image-409 size-large\" src=\"https:\/\/waterchain.samk.fi\/wp-content\/uploads\/2017\/10\/19025002_533893717000216_2766656892528556061_o-1-1024x768.jpg\" alt=\"\" width=\"700\" height=\"525\" srcset=\"https:\/\/waterchain.samk.fi\/wp-content\/uploads\/2017\/10\/19025002_533893717000216_2766656892528556061_o-1-1024x768.jpg 1024w, https:\/\/waterchain.samk.fi\/wp-content\/uploads\/2017\/10\/19025002_533893717000216_2766656892528556061_o-1-300x225.jpg 300w, https:\/\/waterchain.samk.fi\/wp-content\/uploads\/2017\/10\/19025002_533893717000216_2766656892528556061_o-1-768x576.jpg 768w, https:\/\/waterchain.samk.fi\/wp-content\/uploads\/2017\/10\/19025002_533893717000216_2766656892528556061_o-1.jpg 2048w\" sizes=\"auto, (max-width: 700px) 100vw, 700px\" \/><\/a><\/p>\n<p><a href=\"https:\/\/waterchain.samk.fi\/wp-content\/uploads\/2017\/10\/IMG_20170806_153011.jpg\"><img loading=\"lazy\" decoding=\"async\" class=\"aligncenter wp-image-408 size-large\" src=\"https:\/\/waterchain.samk.fi\/wp-content\/uploads\/2017\/10\/IMG_20170806_153011-1024x576.jpg\" alt=\"\" width=\"700\" height=\"394\" srcset=\"https:\/\/waterchain.samk.fi\/wp-content\/uploads\/2017\/10\/IMG_20170806_153011-1024x576.jpg 1024w, https:\/\/waterchain.samk.fi\/wp-content\/uploads\/2017\/10\/IMG_20170806_153011-300x169.jpg 300w, https:\/\/waterchain.samk.fi\/wp-content\/uploads\/2017\/10\/IMG_20170806_153011-768x432.jpg 768w\" sizes=\"auto, (max-width: 700px) 100vw, 700px\" \/><\/a><\/p>\n<p>&nbsp;<\/p>\n<h5><\/h5>\n<h5>Lupaus It\u00e4merelle<\/h5>\n<p>Waterchain-partnerit ovat antaneet oman lupauksensa It\u00e4merelle. Voit\u00a0tutustua niihin katsomalla alla olevan videon.<\/p>\n<p>&nbsp;<\/p>\n<p><iframe loading=\"lazy\" width=\"700\" height=\"394\" src=\"https:\/\/www.youtube.com\/embed\/U7NogjZfNn8?feature=oembed\" frameborder=\"0\" allowfullscreen><\/iframe><\/p>\n<p>&nbsp;<\/p>\n","protected":false},"excerpt":{"rendered":"<p>Paras tapa auttaa It\u00e4merta on ehk\u00e4ist\u00e4 ravinteiden ja haitallisten aineiden p\u00e4\u00e4sy vesist\u00f6ihin. &nbsp; Pienell\u00e4kin teolla on merkityst\u00e4! Rock the Baltic Sea on sosiaalisen median kampanja, jonka tarkoitus on jakaa tietoa It\u00e4meren nykyisest\u00e4 tilasta ja helpoista keinoista auttaa It\u00e4merta. Haluaisimme kuulla,&hellip; <\/p>\n","protected":false},"author":6,"featured_media":0,"parent":0,"menu_order":0,"comment_status":"closed","ping_status":"closed","template":"","meta":{"footnotes":""},"class_list":["post-698","page","type-page","status-publish","hentry"],"_links":{"self":[{"href":"https:\/\/waterchain.samk.fi\/fi\/wp-json\/wp\/v2\/pages\/698","targetHints":{"allow":["GET"]}}],"collection":[{"href":"https:\/\/waterchain.samk.fi\/fi\/wp-json\/wp\/v2\/pages"}],"about":[{"href":"https:\/\/waterchain.samk.fi\/fi\/wp-json\/wp\/v2\/types\/page"}],"author":[{"embeddable":true,"href":"https:\/\/waterchain.samk.fi\/fi\/wp-json\/wp\/v2\/users\/6"}],"replies":[{"embeddable":true,"href":"https:\/\/waterchain.samk.fi\/fi\/wp-json\/wp\/v2\/comments?post=698"}],"version-history":[{"count":1,"href":"https:\/\/waterchain.samk.fi\/fi\/wp-json\/wp\/v2\/pages\/698\/revisions"}],"predecessor-version":[{"id":703,"href":"https:\/\/waterchain.samk.fi\/fi\/wp-json\/wp\/v2\/pages\/698\/revisions\/703"}],"wp:attachment":[{"href":"https:\/\/waterchain.samk.fi\/fi\/wp-json\/wp\/v2\/media?parent=698"}],"curies":[{"name":"wp","href":"https:\/\/api.w.org\/{rel}","templated":true}]}}