{"id":143,"date":"2016-03-21T13:45:26","date_gmt":"2016-03-21T11:45:26","guid":{"rendered":"http:\/\/waterchain.samk.fi\/?page_id=143&#038;lang=lv"},"modified":"2017-10-17T16:11:02","modified_gmt":"2017-10-17T13:11:02","slug":"kontakti","status":"publish","type":"page","link":"https:\/\/waterchain.samk.fi\/lv\/kontakti\/","title":{"rendered":"Kontakti"},"content":{"rendered":"<p>Projekta WATERCHAIN vad\u012bt\u0101ja Dr. Merja Ahonen<\/p>\n<p>Satakuntas Tehnisk\u0101 universit\u0101te<\/p>\n<p>Mob.t. +358 447103061<\/p>\n<p>E-pasts: merja.ahonen(a)samk.fi<\/p>\n<p>&nbsp;<\/p>\n<p>Vides risin\u0101jumu instit\u016bta projekta koordinators Dr. Mat\u012bss \u017dagars<\/p>\n<p>Mob.t. +371 29218057<\/p>\n<p>E-pasts: matiss.zagars(a)videsinstituts.lv<\/p>\n<p>&nbsp;<\/p>\n<p>R\u012bgas Tehnisk\u0101s universit\u0101tes projekta koordinators Dr. Krist\u012bna Tihomirova<\/p>\n<p>Mob.t. +371 26441368<\/p>\n<p>E-pasts: kristina.tihomirova(a)rtu.lv<\/p>\n<p>&nbsp;<\/p>\n<p><a href=\"https:\/\/www.facebook.com\/centralbalticwaterchain\/\">Facebook<\/a><\/p>\n<p><a href=\"https:\/\/twitter.com\/WATERCHAIN\">Twitter<\/a><\/p>\n","protected":false},"excerpt":{"rendered":"<p>Projekta WATERCHAIN vad\u012bt\u0101ja Dr. Merja Ahonen Satakuntas Tehnisk\u0101 universit\u0101te Mob.t. +358 447103061 E-pasts: merja.ahonen(a)samk.fi &nbsp; Vides risin\u0101jumu instit\u016bta projekta koordinators Dr. Mat\u012bss \u017dagars Mob.t. +371 29218057 E-pasts: matiss.zagars(a)videsinstituts.lv &nbsp; R\u012bgas Tehnisk\u0101s universit\u0101tes projekta koordinators Dr. Krist\u012bna Tihomirova Mob.t. +371 26441368&hellip; <\/p>\n","protected":false},"author":5,"featured_media":0,"parent":0,"menu_order":9,"comment_status":"closed","ping_status":"closed","template":"","meta":{"footnotes":""},"class_list":["post-143","page","type-page","status-publish","hentry"],"_links":{"self":[{"href":"https:\/\/waterchain.samk.fi\/lv\/wp-json\/wp\/v2\/pages\/143","targetHints":{"allow":["GET"]}}],"collection":[{"href":"https:\/\/waterchain.samk.fi\/lv\/wp-json\/wp\/v2\/pages"}],"about":[{"href":"https:\/\/waterchain.samk.fi\/lv\/wp-json\/wp\/v2\/types\/page"}],"author":[{"embeddable":true,"href":"https:\/\/waterchain.samk.fi\/lv\/wp-json\/wp\/v2\/users\/5"}],"replies":[{"embeddable":true,"href":"https:\/\/waterchain.samk.fi\/lv\/wp-json\/wp\/v2\/comments?post=143"}],"version-history":[{"count":7,"href":"https:\/\/waterchain.samk.fi\/lv\/wp-json\/wp\/v2\/pages\/143\/revisions"}],"predecessor-version":[{"id":756,"href":"https:\/\/waterchain.samk.fi\/lv\/wp-json\/wp\/v2\/pages\/143\/revisions\/756"}],"wp:attachment":[{"href":"https:\/\/waterchain.samk.fi\/lv\/wp-json\/wp\/v2\/media?parent=143"}],"curies":[{"name":"wp","href":"https:\/\/api.w.org\/{rel}","templated":true}]}}