{"id":359,"date":"2017-03-13T14:36:37","date_gmt":"2017-03-13T12:36:37","guid":{"rendered":"http:\/\/waterchain.samk.fi\/?page_id=359\/"},"modified":"2017-10-17T16:07:04","modified_gmt":"2017-10-17T13:07:04","slug":"mitt-lofte-for-ostersjon","status":"publish","type":"page","link":"https:\/\/waterchain.samk.fi\/sv\/","title":{"rendered":"Projektet Waterchain"},"content":{"rendered":"<h6>M\u00c5L<\/h6>\n<p>Projektet Waterchain st\u00f6der arbetet med att minska infl\u00f6dena\/belastningen av n\u00e4rings\u00e4mnen och farliga \u00e4mnen till \u00d6stersj\u00f6n fr\u00e5n alla typer av landbaserade k\u00e4llor och anv\u00e4nder mindre vattenomr\u00e5den\/delar av tillrinningsomr\u00e5den och milj\u00f6teknologi som utg\u00e5ngspunkt. Projektet har vattenomr\u00e5den i b\u00e5de t\u00e4tbebyggda och v\u00e4lutvecklade omr\u00e5den s\u00e5 v\u00e4l som i mindre utvecklad glesbygd.<\/p>\n<p>&nbsp;<\/p>\n<h6>AKTIVITETER<\/h6>\n<p>De stora aktiviteterna \u00e4ger rum i de olika vattenomr\u00e5dena i respektive land d\u00e4r de praktiska aktiviteterna har som m\u00e5l att resultera i h\u00e5llbara och l\u00e5ngsiktiga resultat.<\/p>\n<p>Den h\u00e5llbara anv\u00e4ndningen av gemensamma resurser baseras b\u00e5de p\u00e5 att f\u00f6rhindra att n\u00e4rings\u00e4mnen och farliga \u00e4mnen kommer ut, samt att behandla och reducera de substanser som redan finns i vattenmassorna. Under projektet kommer en eller tv\u00e5 skadliga substanser per vattenomr\u00e5de identifieras, f\u00f6rvaltningsplaner tas fram och aktiviteter f\u00f6r att reducera substanserna i respektive vattenomr\u00e5de initieras.<\/p>\n<p>&nbsp;<\/p>\n<h6>RESULTAT<\/h6>\n<p>Som ett resultat av projektets gemensamma tillv\u00e4gag\u00e5ngss\u00e4tt f\u00f6r att uppn\u00e5 en h\u00e5llbar utveckling kommer bra praxis tas fram och kunna anv\u00e4ndas i andra geografiska omr\u00e5den inom centrala \u00f6stersj\u00f6omr\u00e5det samt i alla l\u00e4nder kring \u00d6stersj\u00f6n. Vid \u00e5r 2023 har n\u00e4rings\u00e4mnen och farliga \u00e4mnen fr\u00e5n k\u00e4llor som unders\u00f6ks i testomr\u00e5dena och som rinner ut i \u00d6stersj\u00f6n reducerats. Med bakgrund av detta kommer projektet ha en p\u00e5verkan p\u00e5 livskvalitet och milj\u00f6 f\u00f6r lokalbefolkning och bes\u00f6kare, speciellt inom vattenomr\u00e5dena.<\/p>\n<p>&nbsp;<\/p>\n<p>&nbsp;<\/p>\n<p>&nbsp;<\/p>\n","protected":false},"excerpt":{"rendered":"<p>M\u00c5L Projektet Waterchain st\u00f6der arbetet med att minska infl\u00f6dena\/belastningen av n\u00e4rings\u00e4mnen och farliga \u00e4mnen till \u00d6stersj\u00f6n fr\u00e5n alla typer av landbaserade k\u00e4llor och anv\u00e4nder mindre vattenomr\u00e5den\/delar av tillrinningsomr\u00e5den och milj\u00f6teknologi som utg\u00e5ngspunkt. Projektet har vattenomr\u00e5den i b\u00e5de t\u00e4tbebyggda och v\u00e4lutvecklade&hellip; <\/p>\n","protected":false},"author":2,"featured_media":0,"parent":0,"menu_order":0,"comment_status":"closed","ping_status":"closed","template":"","meta":{"footnotes":""},"class_list":["post-359","page","type-page","status-publish","hentry"],"_links":{"self":[{"href":"https:\/\/waterchain.samk.fi\/sv\/wp-json\/wp\/v2\/pages\/359","targetHints":{"allow":["GET"]}}],"collection":[{"href":"https:\/\/waterchain.samk.fi\/sv\/wp-json\/wp\/v2\/pages"}],"about":[{"href":"https:\/\/waterchain.samk.fi\/sv\/wp-json\/wp\/v2\/types\/page"}],"author":[{"embeddable":true,"href":"https:\/\/waterchain.samk.fi\/sv\/wp-json\/wp\/v2\/users\/2"}],"replies":[{"embeddable":true,"href":"https:\/\/waterchain.samk.fi\/sv\/wp-json\/wp\/v2\/comments?post=359"}],"version-history":[{"count":9,"href":"https:\/\/waterchain.samk.fi\/sv\/wp-json\/wp\/v2\/pages\/359\/revisions"}],"predecessor-version":[{"id":751,"href":"https:\/\/waterchain.samk.fi\/sv\/wp-json\/wp\/v2\/pages\/359\/revisions\/751"}],"wp:attachment":[{"href":"https:\/\/waterchain.samk.fi\/sv\/wp-json\/wp\/v2\/media?parent=359"}],"curies":[{"name":"wp","href":"https:\/\/api.w.org\/{rel}","templated":true}]}}