{"id":727,"date":"2017-10-17T15:41:19","date_gmt":"2017-10-17T12:41:19","guid":{"rendered":"http:\/\/waterchain.samk.fi\/?page_id=727"},"modified":"2017-10-17T15:42:15","modified_gmt":"2017-10-17T12:42:15","slug":"mitt-lofte-for-ostersjon-3","status":"publish","type":"page","link":"https:\/\/waterchain.samk.fi\/sv\/mitt-lofte-for-ostersjon-3\/","title":{"rendered":"Mitt l\u00f6fte f\u00f6r \u00d6stersj\u00f6n"},"content":{"rendered":"<p>Det b\u00e4sta s\u00e4ttet att hj\u00e4lpa \u00d6stersj\u00f6n \u00e4r att f\u00f6rhindra infl\u00f6det av n\u00e4rings\u00e4mnen och farliga substanser till \u00d6stersj\u00f6n.<\/p>\n<p>&nbsp;<\/p>\n<h5>Varje droppe r\u00e4knas!<\/h5>\n<p>Rock The Baltic Sea anv\u00e4nder sociala media f\u00f6r att\u00a0sammanf\u00f6ra alla musik\u00e4lskare runt \u00d6stersj\u00f6n f\u00f6r att agera\u00a0tillsammans f\u00f6r v\u00e5rt gemensamma br\u00e4ckvattenhav.<\/p>\n<p>Ge ditt eget l\u00f6fte till \u00d6stersj\u00f6n genom ett inl\u00e4gg i sociala medier. Kom ih\u00e5g att anv\u00e4nda hashtaggen #rockthebalticsea eller #balticseapromise.<\/p>\n<p>&nbsp;<\/p>\n<h5>Let&#8217;s Rock for the Baltic Sea!<\/h5>\n<p>Mer information om kampanjen:\u00a0<a href=\"http:\/\/www.rockthebalticsea.com\/\">www.rockthebalticsea.com<\/a><\/p>\n<p>&nbsp;<\/p>\n<p><a href=\"http:\/\/www.rockthebalticsea.com\"><img loading=\"lazy\" decoding=\"async\" class=\"wp-image-477 size-large aligncenter\" src=\"https:\/\/waterchain.samk.fi\/wp-content\/uploads\/2017\/10\/www.rockthebalticsea-1-1024x171.png\" alt=\"\" width=\"700\" height=\"117\" srcset=\"https:\/\/waterchain.samk.fi\/wp-content\/uploads\/2017\/10\/www.rockthebalticsea-1-1024x171.png 1024w, https:\/\/waterchain.samk.fi\/wp-content\/uploads\/2017\/10\/www.rockthebalticsea-1-300x50.png 300w, https:\/\/waterchain.samk.fi\/wp-content\/uploads\/2017\/10\/www.rockthebalticsea-1-768x128.png 768w\" sizes=\"auto, (max-width: 700px) 100vw, 700px\" \/><\/a><\/p>\n<p>&nbsp;<\/p>\n<p><a href=\"https:\/\/waterchain.samk.fi\/wp-content\/uploads\/2017\/10\/19025002_533893717000216_2766656892528556061_o-1.jpg\"><img loading=\"lazy\" decoding=\"async\" class=\"aligncenter wp-image-409 size-large\" src=\"https:\/\/waterchain.samk.fi\/wp-content\/uploads\/2017\/10\/19025002_533893717000216_2766656892528556061_o-1-1024x768.jpg\" alt=\"\" width=\"700\" height=\"525\" srcset=\"https:\/\/waterchain.samk.fi\/wp-content\/uploads\/2017\/10\/19025002_533893717000216_2766656892528556061_o-1-1024x768.jpg 1024w, https:\/\/waterchain.samk.fi\/wp-content\/uploads\/2017\/10\/19025002_533893717000216_2766656892528556061_o-1-300x225.jpg 300w, https:\/\/waterchain.samk.fi\/wp-content\/uploads\/2017\/10\/19025002_533893717000216_2766656892528556061_o-1-768x576.jpg 768w, https:\/\/waterchain.samk.fi\/wp-content\/uploads\/2017\/10\/19025002_533893717000216_2766656892528556061_o-1.jpg 2048w\" sizes=\"auto, (max-width: 700px) 100vw, 700px\" \/><\/a><\/p>\n<p><a href=\"https:\/\/waterchain.samk.fi\/wp-content\/uploads\/2017\/10\/IMG_20170806_153011.jpg\"><img loading=\"lazy\" decoding=\"async\" class=\"aligncenter wp-image-408 size-large\" src=\"https:\/\/waterchain.samk.fi\/wp-content\/uploads\/2017\/10\/IMG_20170806_153011-1024x576.jpg\" alt=\"\" width=\"700\" height=\"394\" srcset=\"https:\/\/waterchain.samk.fi\/wp-content\/uploads\/2017\/10\/IMG_20170806_153011-1024x576.jpg 1024w, https:\/\/waterchain.samk.fi\/wp-content\/uploads\/2017\/10\/IMG_20170806_153011-300x169.jpg 300w, https:\/\/waterchain.samk.fi\/wp-content\/uploads\/2017\/10\/IMG_20170806_153011-768x432.jpg 768w\" sizes=\"auto, (max-width: 700px) 100vw, 700px\" \/><\/a><\/p>\n<p>&nbsp;<\/p>\n<h5><\/h5>\n<h5>L\u00f6ften till \u00d6stersj\u00f6n<\/h5>\n<p id=\"tw-target-text\" class=\"tw-data-text tw-ta tw-text-small\" dir=\"ltr\" data-placeholder=\"K\u00e4\u00e4nn\u00f6s\"><span lang=\"sv\">Waterchain partners\u00a0har redan givit sina l\u00f6ften till \u00d6stersj\u00f6n. Du kan h\u00f6ra dem p\u00e5 den h\u00e4r videon:<\/span><\/p>\n<p>&nbsp;<\/p>\n<p><iframe loading=\"lazy\" width=\"700\" height=\"394\" src=\"https:\/\/www.youtube.com\/embed\/U7NogjZfNn8?feature=oembed\" frameborder=\"0\" allowfullscreen><\/iframe><\/p>\n<p>&nbsp;<\/p>\n","protected":false},"excerpt":{"rendered":"<p>Det b\u00e4sta s\u00e4ttet att hj\u00e4lpa \u00d6stersj\u00f6n \u00e4r att f\u00f6rhindra infl\u00f6det av n\u00e4rings\u00e4mnen och farliga substanser till \u00d6stersj\u00f6n. &nbsp; Varje droppe r\u00e4knas! Rock The Baltic Sea anv\u00e4nder sociala media f\u00f6r att\u00a0sammanf\u00f6ra alla musik\u00e4lskare runt \u00d6stersj\u00f6n f\u00f6r att agera\u00a0tillsammans f\u00f6r v\u00e5rt gemensamma&hellip; <\/p>\n","protected":false},"author":6,"featured_media":0,"parent":0,"menu_order":0,"comment_status":"closed","ping_status":"closed","template":"","meta":{"footnotes":""},"class_list":["post-727","page","type-page","status-publish","hentry"],"_links":{"self":[{"href":"https:\/\/waterchain.samk.fi\/sv\/wp-json\/wp\/v2\/pages\/727","targetHints":{"allow":["GET"]}}],"collection":[{"href":"https:\/\/waterchain.samk.fi\/sv\/wp-json\/wp\/v2\/pages"}],"about":[{"href":"https:\/\/waterchain.samk.fi\/sv\/wp-json\/wp\/v2\/types\/page"}],"author":[{"embeddable":true,"href":"https:\/\/waterchain.samk.fi\/sv\/wp-json\/wp\/v2\/users\/6"}],"replies":[{"embeddable":true,"href":"https:\/\/waterchain.samk.fi\/sv\/wp-json\/wp\/v2\/comments?post=727"}],"version-history":[{"count":2,"href":"https:\/\/waterchain.samk.fi\/sv\/wp-json\/wp\/v2\/pages\/727\/revisions"}],"predecessor-version":[{"id":733,"href":"https:\/\/waterchain.samk.fi\/sv\/wp-json\/wp\/v2\/pages\/727\/revisions\/733"}],"wp:attachment":[{"href":"https:\/\/waterchain.samk.fi\/sv\/wp-json\/wp\/v2\/media?parent=727"}],"curies":[{"name":"wp","href":"https:\/\/api.w.org\/{rel}","templated":true}]}}